{"id":2785,"date":"2019-04-29T11:26:20","date_gmt":"2019-04-29T09:26:20","guid":{"rendered":"https:\/\/www.scionova.com\/work\/peters-story\/"},"modified":"2025-09-04T11:00:30","modified_gmt":"2025-09-04T09:00:30","slug":"peters-story","status":"publish","type":"page","link":"https:\/\/www.scionova.com\/en\/karriar\/peters-story\/","title":{"rendered":"Peters story"},"content":{"rendered":"\n<img decoding=\"async\" src=\"https:\/\/scionova.evdy.se\/wp-content\/uploads\/2018\/04\/08032018-_I2A3470.jpg\" alt=\"Peter Fredriksson_founder_scionova\" itemprop=\"image\" title=\"Peter Fredriksson_founder_scionova\" onerror=\"this.style.display='none'\">\n\t<em>Peter \u00e4r senior utvecklare och en av grundarna utav Scionova.<\/em><br>\n<em>Vi st\u00e4llde honom n\u00e5gra fr\u00e5gor.<\/em>\n\t<h3 lang=\"sv\"><strong>VAD \u00c4R DET B\u00c4STA MED ATT JOBBA P\u00c5 SCIONOVA?<\/strong><\/h3>\nDet var l\u00e4tt, mina fantastiska kollegor och alla roliga projekt som vi jobbar med. Jag \u00e4r lyckligt lottad som \u00e4lskar det jag jobbar med.\n<h3 lang=\"sv\"><strong>HUR L\u00c4NGE HAR DU VARIT P\u00c5 SCIONOVA?<\/strong><\/h3>\n<p>Fr\u00e5n absoluta b\u00f6rjan, sedan 2005. Innan det s\u00e5 jobbade jag p\u00e5 ett startup bolag i Halmstad som utvecklade Bl\u00e5tandsprodukter. Det var roligt men efter 5 \u00e5r s\u00e5 k\u00e4nde jag att det var dags f\u00f6r n\u00e4sta steg.<\/p>\n<h3 lang=\"sv\"><strong>DU OCH JOAKIM STARTADE SCIONOVA 2005. HUR VAR DET ATT STARTA ERAT EGNA F\u00d6RETAG?<\/strong><\/h3>\n<p>Det var en period d\u00e4r vi beh\u00f6vde l\u00e4ra oss mycket nya saker. Men det var en rolig tid! Jag och Joakim jobbade mycket f\u00f6r att skapa grunden till en stabil ekonomi. P\u00e5 kv\u00e4llarna l\u00e4rde vi oss om revision och lagar och f\u00f6rordningar.<\/p>\n<h3><strong>VAD \u00c4R DIN DRIVKRAFT OCH VAD BRINNER DU F\u00d6R I DITT DAGLIGA ARBETE?<\/strong><\/h3>\nF\u00f6r mig s\u00e5 \u00e4r min drivkraft baserad p\u00e5 att jag tycker s\u00e5 mycket om att jobba med produktutveckling. N\u00e4r det \u00e4r roligt s\u00e5 \u00e4r allt enkelt och det \u00e4r ocks\u00e5 l\u00e4ttare att f\u00e5 mindre roliga, men n\u00f6dv\u00e4ndiga, uppgifter gjorda.\n<h3 lang=\"sv\"><strong>VAD G\u00d6R DU P\u00c5 FRITIDEN? N\u00c5GRA HOBBYER?<\/strong><\/h3>\n<p>Jag har lite f\u00f6r m\u00e5nga hobbyer enligt mig. Tillexempel s\u00e5 \u00e4lskar jag att ta ut b\u00e5ten till en \u00f6 eller f\u00f6r att fiska. Eller ta en tur med min cross-motorcykel, eller mountainbike, eller att springa, eller jaga, eller brygga lite \u00f6l, du ser, v\u00e4ldigt mycket!<\/p>\n<h3 lang=\"sv\"><strong>EN BESV\u00c4RLIG FR\u00c5GA, BESKRIV DIG SJ\u00c4LV MED 3 ORD?<\/strong><\/h3>\n<p>Sn\u00e4ll, glad och optimistisk.<\/p>\n<h3 lang=\"sv\"><strong>EN DOLD TALANG SOM DU VILL DELA MED DIG AV?<\/strong><\/h3>\nEnligt mina barn s\u00e5 \u00e4r det att jag kan &#8220;shuffla&#8221;, allts\u00e5 dansen.<br>\nJag h\u00e5ller den helst dold dock.\n","protected":false},"excerpt":{"rendered":"<p>Peter \u00e4r senior utvecklare och en av grundarna utav Scionova. Vi st\u00e4llde honom n\u00e5gra fr\u00e5gor. VAD \u00c4R DET B\u00c4STA MED ATT JOBBA P\u00c5 SCIONOVA? Det var l\u00e4tt, mina fantastiska kollegor och alla roliga projekt som vi jobbar med. Jag \u00e4r lyckligt lottad som \u00e4lskar det jag jobbar med. HUR L\u00c4NGE HAR DU VARIT P\u00c5 SCIONOVA? [&hellip;]<\/p>\n","protected":false},"author":2,"featured_media":0,"parent":2766,"menu_order":0,"comment_status":"closed","ping_status":"closed","template":"","meta":{"_genesis_hide_title":false,"_genesis_hide_breadcrumbs":false,"_genesis_hide_singular_image":false,"_genesis_hide_footer_widgets":false,"_genesis_custom_body_class":"","_genesis_custom_post_class":"","_genesis_layout":""},"_links":{"self":[{"href":"https:\/\/www.scionova.com\/en\/wp-json\/wp\/v2\/pages\/2785"}],"collection":[{"href":"https:\/\/www.scionova.com\/en\/wp-json\/wp\/v2\/pages"}],"about":[{"href":"https:\/\/www.scionova.com\/en\/wp-json\/wp\/v2\/types\/page"}],"author":[{"embeddable":true,"href":"https:\/\/www.scionova.com\/en\/wp-json\/wp\/v2\/users\/2"}],"replies":[{"embeddable":true,"href":"https:\/\/www.scionova.com\/en\/wp-json\/wp\/v2\/comments?post=2785"}],"version-history":[{"count":6,"href":"https:\/\/www.scionova.com\/en\/wp-json\/wp\/v2\/pages\/2785\/revisions"}],"predecessor-version":[{"id":3634,"href":"https:\/\/www.scionova.com\/en\/wp-json\/wp\/v2\/pages\/2785\/revisions\/3634"}],"up":[{"embeddable":true,"href":"https:\/\/www.scionova.com\/en\/wp-json\/wp\/v2\/pages\/2766"}],"wp:attachment":[{"href":"https:\/\/www.scionova.com\/en\/wp-json\/wp\/v2\/media?parent=2785"}],"curies":[{"name":"wp","href":"https:\/\/api.w.org\/{rel}","templated":true}]}}